{"id":17,"date":"2014-11-07T19:09:00","date_gmt":"2014-11-07T18:09:00","guid":{"rendered":"http:\/\/trahay.wp.imtbs-tsp.eu\/?page_id=17"},"modified":"2021-03-25T11:34:37","modified_gmt":"2021-03-25T10:34:37","slug":"contact","status":"publish","type":"page","link":"https:\/\/trahay.wp.imtbs-tsp.eu\/?page_id=17","title":{"rendered":"Contact"},"content":{"rendered":"<p>Fran\u00e7ois Trahay <\/p>\n<p>Computer Science Dept<br \/>D306<br \/>T\u00e9l\u00e9com SudParis<br \/>9 rue Charles Fourier<br \/>91011 Evry CEDEX<\/p>\n<p>e-mail: <a href=\"mailto:francois.trahay@telecom-sudparis.eu\">francois.trahay@telecom-sudparis.eu<\/a><br \/>Tel: +33 1 60 76 47 40<br \/>Fax: +33 1 60 76 47 80<\/p>\n","protected":false},"excerpt":{"rendered":"<p>Fran\u00e7ois Trahay Computer Science DeptD306T\u00e9l\u00e9com SudParis9 rue Charles Fourier91011 Evry CEDEX e-mail: francois.trahay@telecom-sudparis.euTel: +33 1 60 76 47 40Fax: +33 1 60 76 47 80<\/p>\n","protected":false},"author":381,"featured_media":0,"parent":0,"menu_order":11,"comment_status":"closed","ping_status":"closed","template":"","meta":{"footnotes":""},"class_list":["post-17","page","type-page","status-publish","hentry"],"_links":{"self":[{"href":"https:\/\/trahay.wp.imtbs-tsp.eu\/index.php?rest_route=\/wp\/v2\/pages\/17","targetHints":{"allow":["GET"]}}],"collection":[{"href":"https:\/\/trahay.wp.imtbs-tsp.eu\/index.php?rest_route=\/wp\/v2\/pages"}],"about":[{"href":"https:\/\/trahay.wp.imtbs-tsp.eu\/index.php?rest_route=\/wp\/v2\/types\/page"}],"author":[{"embeddable":true,"href":"https:\/\/trahay.wp.imtbs-tsp.eu\/index.php?rest_route=\/wp\/v2\/users\/381"}],"replies":[{"embeddable":true,"href":"https:\/\/trahay.wp.imtbs-tsp.eu\/index.php?rest_route=%2Fwp%2Fv2%2Fcomments&post=17"}],"version-history":[{"count":8,"href":"https:\/\/trahay.wp.imtbs-tsp.eu\/index.php?rest_route=\/wp\/v2\/pages\/17\/revisions"}],"predecessor-version":[{"id":332,"href":"https:\/\/trahay.wp.imtbs-tsp.eu\/index.php?rest_route=\/wp\/v2\/pages\/17\/revisions\/332"}],"wp:attachment":[{"href":"https:\/\/trahay.wp.imtbs-tsp.eu\/index.php?rest_route=%2Fwp%2Fv2%2Fmedia&parent=17"}],"curies":[{"name":"wp","href":"https:\/\/api.w.org\/{rel}","templated":true}]}}