{"id":65,"date":"2014-11-22T18:31:34","date_gmt":"2014-11-22T17:31:34","guid":{"rendered":"http:\/\/trahay.wp.imtbs-tsp.eu\/?page_id=65"},"modified":"2023-11-13T09:08:08","modified_gmt":"2023-11-13T08:08:08","slug":"bio","status":"publish","type":"page","link":"https:\/\/trahay.wp.imtbs-tsp.eu\/?page_id=65","title":{"rendered":"Bio"},"content":{"rendered":"<p>Fran\u00e7ois Trahay is a full professor at T\u00e9l\u00e9com SudParis since 2022. He is a member of the Benagil Inria team of the computer science department, which investigates high-performance systems. He received his Ph.D. degree in computer science from the University of Bordeaux in 2009, and was an associate professor at T\u00e9l\u00e9com SudParis from 2011 to 2022. He has been working on runtime systems for high performance computing since 2006. His research interests now mostly focus on performance analysis for HPC and distributed systems. He is the project leader and main developper of the EZTrace framework for performance analysis. He is the co-author of research papers in top international conferences, workshops and journals such as IEEE TPDS, IPDPS, ICPP, IEEE Cluster, ACM TACO, or IJPP.<\/p>\n<h3>Current position:<\/h3>\n<p>Full Professor<\/p>\n<p><a href=\"https:\/\/www-inf.telecom-sudparis.eu\/departement\/\">Computer Science dept<\/a>, T\u00e9l\u00e9com SudParis<\/p>\n<p><a href=\"https:\/\/team.inria.fr\/benagil\/\">Benagil team<\/a>, Inria Saclay<\/p>\n<p><a href=\"https:\/\/www-inf.telecom-sudparis.eu\/departement\/pds\/\">Parallel &amp; Distributed Systems group<\/a> <a href=\"http:\/\/samovar.telecom-sudparis.eu\/\">Samovar Lab<\/a>\u00a0<\/p>\n<h3>Past positions and education:<\/h3>\n<ul>\n<li>2021: Habilitation \u00e0 Diriger les Recherches (HDR), Institut Polytechnique de Paris<\/li>\n<li>2010: Post Doc Riken, University of Tokyo, <a href=\"http:\/\/www.il.is.s.u-tokyo.ac.jp\/\">Ishikawa Lab<\/a><\/li>\n<li>2006-2009: PhD in Computer Science University of Bordeaux, <a href=\"http:\/\/labri.fr\/\">LaBRI<\/a>, <a href=\"http:\/\/runtime.bordeaux.inria.fr\/Runtime\/\">INRIA Runtime<\/a> Advisors:\u00a0<a href=\"https:\/\/runtime.bordeaux.inria.fr\/adenis\/\">Alexandre Denis<\/a> &amp; <a href=\"http:\/\/dept-info.labri.fr\/~namyst\/\">Raymond Namyst<\/a> \u00a0<\/li>\n<li>2006: MS in Computer Science University of Bordeaux, <a href=\"http:\/\/labri.fr\/\">LaBRI<\/a>, <a href=\"http:\/\/runtime.bordeaux.inria.fr\/Runtime\/\">INRIA Runtime<\/a> Advisors:\u00a0<a href=\"https:\/\/runtime.bordeaux.inria.fr\/adenis\/\">Alexandre Denis<\/a> &amp; <a href=\"http:\/\/dept-info.labri.fr\/~namyst\/\">Raymond Namyst<\/a><\/li>\n<\/ul>\n","protected":false},"excerpt":{"rendered":"<p>Fran\u00e7ois Trahay is a full professor at T\u00e9l\u00e9com SudParis since 2022. He is a member of the Benagil Inria team of the computer science department, which investigates high-performance systems. He received his Ph.D. degree in computer science from the University of Bordeaux in 2009, and was an associate professor at T\u00e9l\u00e9com SudParis from 2011 to [&hellip;]<\/p>\n","protected":false},"author":381,"featured_media":0,"parent":0,"menu_order":10,"comment_status":"closed","ping_status":"closed","template":"","meta":{"footnotes":""},"class_list":["post-65","page","type-page","status-publish","hentry"],"_links":{"self":[{"href":"https:\/\/trahay.wp.imtbs-tsp.eu\/index.php?rest_route=\/wp\/v2\/pages\/65","targetHints":{"allow":["GET"]}}],"collection":[{"href":"https:\/\/trahay.wp.imtbs-tsp.eu\/index.php?rest_route=\/wp\/v2\/pages"}],"about":[{"href":"https:\/\/trahay.wp.imtbs-tsp.eu\/index.php?rest_route=\/wp\/v2\/types\/page"}],"author":[{"embeddable":true,"href":"https:\/\/trahay.wp.imtbs-tsp.eu\/index.php?rest_route=\/wp\/v2\/users\/381"}],"replies":[{"embeddable":true,"href":"https:\/\/trahay.wp.imtbs-tsp.eu\/index.php?rest_route=%2Fwp%2Fv2%2Fcomments&post=65"}],"version-history":[{"count":16,"href":"https:\/\/trahay.wp.imtbs-tsp.eu\/index.php?rest_route=\/wp\/v2\/pages\/65\/revisions"}],"predecessor-version":[{"id":393,"href":"https:\/\/trahay.wp.imtbs-tsp.eu\/index.php?rest_route=\/wp\/v2\/pages\/65\/revisions\/393"}],"wp:attachment":[{"href":"https:\/\/trahay.wp.imtbs-tsp.eu\/index.php?rest_route=%2Fwp%2Fv2%2Fmedia&parent=65"}],"curies":[{"name":"wp","href":"https:\/\/api.w.org\/{rel}","templated":true}]}}